{"id":5117,"date":"2025-12-03T01:12:16","date_gmt":"2025-12-03T01:12:16","guid":{"rendered":"https:\/\/henergylab.com\/product\/pendentif-en-orgonite-deuxieme-pentacle-de-jupiter\/"},"modified":"2025-12-03T01:12:16","modified_gmt":"2025-12-03T01:12:16","slug":"pendentif-en-orgonite-deuxieme-pentacle-de-jupiter","status":"publish","type":"product","link":"https:\/\/henergylab.com\/fr\/produit\/pendentif-en-orgonite-deuxieme-pentacle-de-jupiter\/","title":{"rendered":"Pendentif en orgonite Deuxi\u00e8me pentacle de Jupiter"},"content":{"rendered":"<h2 class=\"western\"><strong>Pendentif en orgonite Deuxi\u00e8me pentacle de Jupiter<\/strong><\/h2>\n<h2 class=\"western\"><strong>Pendentif en orgonite Deuxi\u00e8me pentacle de Jupiter<\/strong><\/h2>\n<p>Pour la Gloire, l&rsquo;Honneur et la Justice<br \/>Un sceau puissant pour ceux qui recherchent le respect, l&rsquo;autorit\u00e9 et la reconnaissance l\u00e9gitime. Son pouvoir prot\u00e8ge les justes et punit les corrompus. Id\u00e9al pour les juges, les dirigeants et tous ceux qui doivent prendre des d\u00e9cisions morales difficiles.  <\/p>\n<p>Ce pendentif est compos\u00e9 d&rsquo;<a href=\"https:\/\/henergylab.com\/fr\/quest-ce-que-lorgonite\/\">orgonite<\/a> et de r\u00e9sine \u00e9poxy, et contient du laiton et de l&rsquo;acier. Il est orn\u00e9 de quartz rose, d&rsquo;am\u00e9thyste, de shungite et de tourmaline noire. Les pierres utilis\u00e9es conf\u00e8rent \u00e0 l&rsquo;orgonite des vibrations de haute fr\u00e9quence, permettant ainsi d&rsquo;\u00e9lever son \u00e9tat int\u00e9rieur \u00e0 la m\u00eame fr\u00e9quence que les chakras sup\u00e9rieurs avec lesquels elles r\u00e9sonnent. <\/p>\n<p>Durant la phase de catalyse\/durcissement, l&rsquo;<a href=\"https:\/\/henergylab.com\/fr\/quest-ce-que-lorgonite\/\">orgonite<\/a> est expos\u00e9e \u00e0 des champs d&rsquo;\u00e9nergie scalaire afin de lui conf\u00e9rer une empreinte b\u00e9n\u00e9fique.<\/p>\n<p data-start=\"293\" data-end=\"309\">Diam\u00e8tre : 3,7 cm<\/p>\n<p data-start=\"311\" data-end=\"453\">La photo pr\u00e9sent\u00e9e est purement indicative ; chaque pi\u00e8ce \u00e9tant faite \u00e0 la main, de l\u00e9g\u00e8res variations rendent chaque pendentif unique.<\/p>\n<hr data-start=\"455\" data-end=\"458\">\n<h1 data-start=\"460\" data-end=\"479\"><strong data-start=\"460\" data-end=\"479\">Note importante<\/strong><\/h1>\n<p data-start=\"481\" data-end=\"742\">Ce pendentif n&rsquo;est pas un dispositif m\u00e9dical.<br data-start=\"525\" data-end=\"528\">Les propri\u00e9t\u00e9s de l&rsquo;orgonite et des cristaux sont consid\u00e9r\u00e9es comme des outils \u00e9nerg\u00e9tiques ou spirituels et ne sauraient se substituer \u00e0 un avis m\u00e9dical.<\/p>\n","protected":false},"excerpt":{"rendered":"<p>Pendentif en orgonite Deuxi\u00e8me Pentacle de Jupiter, un sceau puissant pour ceux qui souhaitent obtenir respect, autorit\u00e9 et consid\u00e9ration.<\/p>\n","protected":false},"featured_media":5339,"comment_status":"open","ping_status":"closed","template":"","meta":{"ocean_post_layout":"","ocean_both_sidebars_style":"","ocean_both_sidebars_content_width":0,"ocean_both_sidebars_sidebars_width":0,"ocean_sidebar":"0","ocean_second_sidebar":"0","ocean_disable_margins":"enable","ocean_add_body_class":"","ocean_shortcode_before_top_bar":"","ocean_shortcode_after_top_bar":"","ocean_shortcode_before_header":"","ocean_shortcode_after_header":"","ocean_has_shortcode":"","ocean_shortcode_after_title":"","ocean_shortcode_before_footer_widgets":"","ocean_shortcode_after_footer_widgets":"","ocean_shortcode_before_footer_bottom":"","ocean_shortcode_after_footer_bottom":"","ocean_display_top_bar":"default","ocean_display_header":"default","ocean_header_style":"","ocean_center_header_left_menu":"0","ocean_custom_header_template":"0","ocean_custom_logo":0,"ocean_custom_retina_logo":0,"ocean_custom_logo_max_width":0,"ocean_custom_logo_tablet_max_width":0,"ocean_custom_logo_mobile_max_width":0,"ocean_custom_logo_max_height":0,"ocean_custom_logo_tablet_max_height":0,"ocean_custom_logo_mobile_max_height":0,"ocean_header_custom_menu":"0","ocean_menu_typo_font_family":"0","ocean_menu_typo_font_subset":"","ocean_menu_typo_font_size":0,"ocean_menu_typo_font_size_tablet":0,"ocean_menu_typo_font_size_mobile":0,"ocean_menu_typo_font_size_unit":"px","ocean_menu_typo_font_weight":"","ocean_menu_typo_font_weight_tablet":"","ocean_menu_typo_font_weight_mobile":"","ocean_menu_typo_transform":"","ocean_menu_typo_transform_tablet":"","ocean_menu_typo_transform_mobile":"","ocean_menu_typo_line_height":0,"ocean_menu_typo_line_height_tablet":0,"ocean_menu_typo_line_height_mobile":0,"ocean_menu_typo_line_height_unit":"","ocean_menu_typo_spacing":0,"ocean_menu_typo_spacing_tablet":0,"ocean_menu_typo_spacing_mobile":0,"ocean_menu_typo_spacing_unit":"","ocean_menu_link_color":"","ocean_menu_link_color_hover":"","ocean_menu_link_color_active":"","ocean_menu_link_background":"","ocean_menu_link_hover_background":"","ocean_menu_link_active_background":"","ocean_menu_social_links_bg":"","ocean_menu_social_hover_links_bg":"","ocean_menu_social_links_color":"","ocean_menu_social_hover_links_color":"","ocean_disable_title":"default","ocean_disable_heading":"default","ocean_post_title":"","ocean_post_subheading":"","ocean_post_title_style":"","ocean_post_title_background_color":"","ocean_post_title_background":0,"ocean_post_title_bg_image_position":"","ocean_post_title_bg_image_attachment":"","ocean_post_title_bg_image_repeat":"","ocean_post_title_bg_image_size":"","ocean_post_title_height":0,"ocean_post_title_bg_overlay":0.5,"ocean_post_title_bg_overlay_color":"","ocean_disable_breadcrumbs":"default","ocean_breadcrumbs_color":"","ocean_breadcrumbs_separator_color":"","ocean_breadcrumbs_links_color":"","ocean_breadcrumbs_links_hover_color":"","ocean_display_footer_widgets":"default","ocean_display_footer_bottom":"default","ocean_custom_footer_template":"0","_glsr_average":0,"_glsr_ranking":0,"_glsr_reviews":0},"product_brand":[],"product_cat":[104,162],"product_tag":[],"class_list":{"0":"post-5117","1":"product","2":"type-product","3":"status-publish","4":"has-post-thumbnail","6":"product_cat-pendentif-orgonite","7":"product_cat-senza-categoria","9":"entry","10":"has-media","12":"first","13":"instock","14":"sale","15":"taxable","16":"shipping-taxable","17":"purchasable","18":"product-type-simple","19":"add-to-wishlist-after_add_to_cart","20":"has-product-nav","21":"col","22":"span_1_of_3","23":"owp-content-center","24":"owp-thumbs-layout-vertical","25":"owp-btn-normal","26":"owp-tabs-layout-horizontal"},"yoast_head":"<!-- This site is optimized with the Yoast SEO plugin v27.4 - https:\/\/yoast.com\/product\/yoast-seo-wordpress\/ -->\n<title>Pendentif en orgonite Deuxi\u00e8me pentacle de Jupiter - HEN<\/title>\n<meta name=\"description\" content=\"Pendentif en orgonite Deuxi\u00e8me Pentacle de Jupiter, un sceau puissant pour ceux qui souhaitent obtenir respect, autorit\u00e9 et consid\u00e9ration.\" \/>\n<meta name=\"robots\" content=\"index, follow, max-snippet:-1, max-image-preview:large, max-video-preview:-1\" \/>\n<link rel=\"canonical\" href=\"https:\/\/henergylab.com\/fr\/produit\/pendentif-en-orgonite-deuxieme-pentacle-de-jupiter\/\" \/>\n<meta property=\"og:locale\" content=\"fr_FR\" \/>\n<meta property=\"og:type\" content=\"article\" \/>\n<meta property=\"og:title\" content=\"Pendentif en orgonite Deuxi\u00e8me pentacle de Jupiter - HEN\" \/>\n<meta property=\"og:description\" content=\"Pendentif en orgonite Deuxi\u00e8me Pentacle de Jupiter, un sceau puissant pour ceux qui souhaitent obtenir respect, autorit\u00e9 et consid\u00e9ration.\" \/>\n<meta property=\"og:url\" content=\"https:\/\/henergylab.com\/fr\/produit\/pendentif-en-orgonite-deuxieme-pentacle-de-jupiter\/\" \/>\n<meta property=\"og:site_name\" content=\"HEN\" \/>\n<meta name=\"twitter:card\" content=\"summary_large_image\" \/>\n<meta name=\"twitter:label1\" content=\"Dur\u00e9e de lecture estim\u00e9e\" \/>\n\t<meta name=\"twitter:data1\" content=\"1 minute\" \/>\n<script type=\"application\/ld+json\" class=\"yoast-schema-graph\">{\"@context\":\"https:\\\/\\\/schema.org\",\"@graph\":[{\"@type\":\"WebPage\",\"@id\":\"https:\\\/\\\/henergylab.com\\\/fr\\\/produit\\\/pendentif-en-orgonite-deuxieme-pentacle-de-jupiter\\\/\",\"url\":\"https:\\\/\\\/henergylab.com\\\/fr\\\/produit\\\/pendentif-en-orgonite-deuxieme-pentacle-de-jupiter\\\/\",\"name\":\"Pendentif en orgonite Deuxi\u00e8me pentacle de Jupiter - HEN\",\"isPartOf\":{\"@id\":\"https:\\\/\\\/henergylab.com\\\/fr\\\/#website\"},\"primaryImageOfPage\":{\"@id\":\"https:\\\/\\\/henergylab.com\\\/fr\\\/produit\\\/pendentif-en-orgonite-deuxieme-pentacle-de-jupiter\\\/#primaryimage\"},\"image\":{\"@id\":\"https:\\\/\\\/henergylab.com\\\/fr\\\/produit\\\/pendentif-en-orgonite-deuxieme-pentacle-de-jupiter\\\/#primaryimage\"},\"thumbnailUrl\":\"https:\\\/\\\/henergylab.com\\\/wp-content\\\/uploads\\\/2025\\\/12\\\/Jupiter-P2-2-scaled.jpeg\",\"datePublished\":\"2025-12-03T01:12:16+00:00\",\"description\":\"Pendentif en orgonite Deuxi\u00e8me Pentacle de Jupiter, un sceau puissant pour ceux qui souhaitent obtenir respect, autorit\u00e9 et consid\u00e9ration.\",\"breadcrumb\":{\"@id\":\"https:\\\/\\\/henergylab.com\\\/fr\\\/produit\\\/pendentif-en-orgonite-deuxieme-pentacle-de-jupiter\\\/#breadcrumb\"},\"inLanguage\":\"fr-FR\",\"potentialAction\":[{\"@type\":\"ReadAction\",\"target\":[\"https:\\\/\\\/henergylab.com\\\/fr\\\/produit\\\/pendentif-en-orgonite-deuxieme-pentacle-de-jupiter\\\/\"]}]},{\"@type\":\"ImageObject\",\"inLanguage\":\"fr-FR\",\"@id\":\"https:\\\/\\\/henergylab.com\\\/fr\\\/produit\\\/pendentif-en-orgonite-deuxieme-pentacle-de-jupiter\\\/#primaryimage\",\"url\":\"https:\\\/\\\/henergylab.com\\\/wp-content\\\/uploads\\\/2025\\\/12\\\/Jupiter-P2-2-scaled.jpeg\",\"contentUrl\":\"https:\\\/\\\/henergylab.com\\\/wp-content\\\/uploads\\\/2025\\\/12\\\/Jupiter-P2-2-scaled.jpeg\",\"width\":2560,\"height\":2172},{\"@type\":\"BreadcrumbList\",\"@id\":\"https:\\\/\\\/henergylab.com\\\/fr\\\/produit\\\/pendentif-en-orgonite-deuxieme-pentacle-de-jupiter\\\/#breadcrumb\",\"itemListElement\":[{\"@type\":\"ListItem\",\"position\":1,\"name\":\"Home\",\"item\":\"https:\\\/\\\/henergylab.com\\\/fr\\\/\"},{\"@type\":\"ListItem\",\"position\":2,\"name\":\"Shop\",\"item\":\"https:\\\/\\\/henergylab.com\\\/negozio\\\/\"},{\"@type\":\"ListItem\",\"position\":3,\"name\":\"Pendentif en orgonite Deuxi\u00e8me pentacle de Jupiter\"}]},{\"@type\":\"WebSite\",\"@id\":\"https:\\\/\\\/henergylab.com\\\/fr\\\/#website\",\"url\":\"https:\\\/\\\/henergylab.com\\\/fr\\\/\",\"name\":\"henergylab\",\"description\":\"\",\"publisher\":{\"@id\":\"https:\\\/\\\/henergylab.com\\\/fr\\\/#organization\"},\"potentialAction\":[{\"@type\":\"SearchAction\",\"target\":{\"@type\":\"EntryPoint\",\"urlTemplate\":\"https:\\\/\\\/henergylab.com\\\/fr\\\/?s={search_term_string}\"},\"query-input\":{\"@type\":\"PropertyValueSpecification\",\"valueRequired\":true,\"valueName\":\"search_term_string\"}}],\"inLanguage\":\"fr-FR\"},{\"@type\":\"Organization\",\"@id\":\"https:\\\/\\\/henergylab.com\\\/fr\\\/#organization\",\"name\":\"HEN\",\"url\":\"https:\\\/\\\/henergylab.com\\\/fr\\\/\",\"logo\":{\"@type\":\"ImageObject\",\"inLanguage\":\"fr-FR\",\"@id\":\"https:\\\/\\\/henergylab.com\\\/fr\\\/#\\\/schema\\\/logo\\\/image\\\/\",\"url\":\"https:\\\/\\\/henergylab.com\\\/wp-content\\\/uploads\\\/2025\\\/07\\\/Henergylab-logo-scritta-nera-1.png\",\"contentUrl\":\"https:\\\/\\\/henergylab.com\\\/wp-content\\\/uploads\\\/2025\\\/07\\\/Henergylab-logo-scritta-nera-1.png\",\"width\":128,\"height\":128,\"caption\":\"HEN\"},\"image\":{\"@id\":\"https:\\\/\\\/henergylab.com\\\/fr\\\/#\\\/schema\\\/logo\\\/image\\\/\"}}]}<\/script>\n<!-- \/ Yoast SEO plugin. -->","yoast_head_json":{"title":"Pendentif en orgonite Deuxi\u00e8me pentacle de Jupiter - HEN","description":"Pendentif en orgonite Deuxi\u00e8me Pentacle de Jupiter, un sceau puissant pour ceux qui souhaitent obtenir respect, autorit\u00e9 et consid\u00e9ration.","robots":{"index":"index","follow":"follow","max-snippet":"max-snippet:-1","max-image-preview":"max-image-preview:large","max-video-preview":"max-video-preview:-1"},"canonical":"https:\/\/henergylab.com\/fr\/produit\/pendentif-en-orgonite-deuxieme-pentacle-de-jupiter\/","og_locale":"fr_FR","og_type":"article","og_title":"Pendentif en orgonite Deuxi\u00e8me pentacle de Jupiter - HEN","og_description":"Pendentif en orgonite Deuxi\u00e8me Pentacle de Jupiter, un sceau puissant pour ceux qui souhaitent obtenir respect, autorit\u00e9 et consid\u00e9ration.","og_url":"https:\/\/henergylab.com\/fr\/produit\/pendentif-en-orgonite-deuxieme-pentacle-de-jupiter\/","og_site_name":"HEN","twitter_card":"summary_large_image","twitter_misc":{"Dur\u00e9e de lecture estim\u00e9e":"1 minute"},"schema":{"@context":"https:\/\/schema.org","@graph":[{"@type":"WebPage","@id":"https:\/\/henergylab.com\/fr\/produit\/pendentif-en-orgonite-deuxieme-pentacle-de-jupiter\/","url":"https:\/\/henergylab.com\/fr\/produit\/pendentif-en-orgonite-deuxieme-pentacle-de-jupiter\/","name":"Pendentif en orgonite Deuxi\u00e8me pentacle de Jupiter - HEN","isPartOf":{"@id":"https:\/\/henergylab.com\/fr\/#website"},"primaryImageOfPage":{"@id":"https:\/\/henergylab.com\/fr\/produit\/pendentif-en-orgonite-deuxieme-pentacle-de-jupiter\/#primaryimage"},"image":{"@id":"https:\/\/henergylab.com\/fr\/produit\/pendentif-en-orgonite-deuxieme-pentacle-de-jupiter\/#primaryimage"},"thumbnailUrl":"https:\/\/henergylab.com\/wp-content\/uploads\/2025\/12\/Jupiter-P2-2-scaled.jpeg","datePublished":"2025-12-03T01:12:16+00:00","description":"Pendentif en orgonite Deuxi\u00e8me Pentacle de Jupiter, un sceau puissant pour ceux qui souhaitent obtenir respect, autorit\u00e9 et consid\u00e9ration.","breadcrumb":{"@id":"https:\/\/henergylab.com\/fr\/produit\/pendentif-en-orgonite-deuxieme-pentacle-de-jupiter\/#breadcrumb"},"inLanguage":"fr-FR","potentialAction":[{"@type":"ReadAction","target":["https:\/\/henergylab.com\/fr\/produit\/pendentif-en-orgonite-deuxieme-pentacle-de-jupiter\/"]}]},{"@type":"ImageObject","inLanguage":"fr-FR","@id":"https:\/\/henergylab.com\/fr\/produit\/pendentif-en-orgonite-deuxieme-pentacle-de-jupiter\/#primaryimage","url":"https:\/\/henergylab.com\/wp-content\/uploads\/2025\/12\/Jupiter-P2-2-scaled.jpeg","contentUrl":"https:\/\/henergylab.com\/wp-content\/uploads\/2025\/12\/Jupiter-P2-2-scaled.jpeg","width":2560,"height":2172},{"@type":"BreadcrumbList","@id":"https:\/\/henergylab.com\/fr\/produit\/pendentif-en-orgonite-deuxieme-pentacle-de-jupiter\/#breadcrumb","itemListElement":[{"@type":"ListItem","position":1,"name":"Home","item":"https:\/\/henergylab.com\/fr\/"},{"@type":"ListItem","position":2,"name":"Shop","item":"https:\/\/henergylab.com\/negozio\/"},{"@type":"ListItem","position":3,"name":"Pendentif en orgonite Deuxi\u00e8me pentacle de Jupiter"}]},{"@type":"WebSite","@id":"https:\/\/henergylab.com\/fr\/#website","url":"https:\/\/henergylab.com\/fr\/","name":"henergylab","description":"","publisher":{"@id":"https:\/\/henergylab.com\/fr\/#organization"},"potentialAction":[{"@type":"SearchAction","target":{"@type":"EntryPoint","urlTemplate":"https:\/\/henergylab.com\/fr\/?s={search_term_string}"},"query-input":{"@type":"PropertyValueSpecification","valueRequired":true,"valueName":"search_term_string"}}],"inLanguage":"fr-FR"},{"@type":"Organization","@id":"https:\/\/henergylab.com\/fr\/#organization","name":"HEN","url":"https:\/\/henergylab.com\/fr\/","logo":{"@type":"ImageObject","inLanguage":"fr-FR","@id":"https:\/\/henergylab.com\/fr\/#\/schema\/logo\/image\/","url":"https:\/\/henergylab.com\/wp-content\/uploads\/2025\/07\/Henergylab-logo-scritta-nera-1.png","contentUrl":"https:\/\/henergylab.com\/wp-content\/uploads\/2025\/07\/Henergylab-logo-scritta-nera-1.png","width":128,"height":128,"caption":"HEN"},"image":{"@id":"https:\/\/henergylab.com\/fr\/#\/schema\/logo\/image\/"}}]}},"_links":{"self":[{"href":"https:\/\/henergylab.com\/fr\/wp-json\/wp\/v2\/product\/5117","targetHints":{"allow":["GET"]}}],"collection":[{"href":"https:\/\/henergylab.com\/fr\/wp-json\/wp\/v2\/product"}],"about":[{"href":"https:\/\/henergylab.com\/fr\/wp-json\/wp\/v2\/types\/product"}],"replies":[{"embeddable":true,"href":"https:\/\/henergylab.com\/fr\/wp-json\/wp\/v2\/comments?post=5117"}],"wp:featuredmedia":[{"embeddable":true,"href":"https:\/\/henergylab.com\/fr\/wp-json\/wp\/v2\/media\/5339"}],"wp:attachment":[{"href":"https:\/\/henergylab.com\/fr\/wp-json\/wp\/v2\/media?parent=5117"}],"wp:term":[{"taxonomy":"product_brand","embeddable":true,"href":"https:\/\/henergylab.com\/fr\/wp-json\/wp\/v2\/product_brand?post=5117"},{"taxonomy":"product_cat","embeddable":true,"href":"https:\/\/henergylab.com\/fr\/wp-json\/wp\/v2\/product_cat?post=5117"},{"taxonomy":"product_tag","embeddable":true,"href":"https:\/\/henergylab.com\/fr\/wp-json\/wp\/v2\/product_tag?post=5117"}],"curies":[{"name":"wp","href":"https:\/\/api.w.org\/{rel}","templated":true}]}}